{"id":732,"date":"2023-01-26T21:06:49","date_gmt":"2023-01-26T21:06:49","guid":{"rendered":"https:\/\/astro.alphacen.org\/?page_id=732"},"modified":"2026-03-09T15:43:36","modified_gmt":"2026-03-09T15:43:36","slug":"conferencia","status":"publish","type":"page","link":"https:\/\/astro.alphacen.org\/en\/conferencia\/","title":{"rendered":"Conferencia"},"content":{"rendered":"<div data-elementor-type=\"wp-page\" data-elementor-id=\"732\" class=\"elementor elementor-732\" data-elementor-settings=\"[]\">\n\t\t\t\t\t\t\t<div class=\"elementor-section-wrap\">\n\t\t\t\t\t\t\t<section class=\"elementor-section elementor-top-section elementor-element elementor-element-dfd4a9d elementor-section-boxed elementor-section-height-default elementor-section-height-default\" data-id=\"dfd4a9d\" data-element_type=\"section\">\n\t\t\t\t\t\t<div class=\"elementor-container elementor-column-gap-default\">\n\t\t\t\t\t\t\t\t<\/div>\n\t\t<\/section>\n\t\t\t\t<section class=\"elementor-section elementor-top-section elementor-element elementor-element-50119c3 elementor-section-boxed elementor-section-height-default elementor-section-height-default\" data-id=\"50119c3\" data-element_type=\"section\">\n\t\t\t\t\t\t<div class=\"elementor-container elementor-column-gap-default\">\n\t\t\t\t\t<div class=\"elementor-column elementor-col-100 elementor-top-column elementor-element elementor-element-b1c86d3\" data-id=\"b1c86d3\" data-element_type=\"column\">\n\t\t\t<div class=\"elementor-widget-wrap elementor-element-populated\">\n\t\t\t\t\t\t\t\t<div class=\"elementor-element elementor-element-19ae1b4 elementor-widget elementor-widget-heading\" data-id=\"19ae1b4\" data-element_type=\"widget\" data-widget_type=\"heading.default\">\n\t\t\t\t<div class=\"elementor-widget-container\">\n\t\t\t<h1 class=\"elementor-heading-title elementor-size-xxl\">\ud83d\ude80 Alpha-Cen Meeting y Escuela Salvadore\u00f1a de Astrof\u00edsica 2026 \n(a-Cen \/ SALSA 2026)<\/h1>\t\t<\/div>\n\t\t\t\t<\/div>\n\t\t\t\t\t<\/div>\n\t\t<\/div>\n\t\t\t\t\t\t\t<\/div>\n\t\t<\/section>\n\t\t\t\t<section class=\"elementor-section elementor-top-section elementor-element elementor-element-4439f84 elementor-section-boxed elementor-section-height-default elementor-section-height-default\" data-id=\"4439f84\" data-element_type=\"section\">\n\t\t\t\t\t\t<div class=\"elementor-container elementor-column-gap-default\">\n\t\t\t\t\t<div class=\"elementor-column elementor-col-100 elementor-top-column elementor-element elementor-element-01e0df6\" data-id=\"01e0df6\" data-element_type=\"column\">\n\t\t\t<div class=\"elementor-widget-wrap elementor-element-populated\">\n\t\t\t\t\t\t\t\t<div class=\"elementor-element elementor-element-f597e6b elementor-widget elementor-widget-text-editor\" data-id=\"f597e6b\" data-element_type=\"widget\" data-widget_type=\"text-editor.default\">\n\t\t\t\t<div class=\"elementor-widget-container\">\n\t\t\t\t\t\t\t\t<h4 style=\"text-align: left;\">Del 6 al 10 de julio de 2026, San Salvador ser\u00e1 sede de un evento cient\u00edfico internacional que reunir\u00e1 a investigadores, docentes y estudiantes de distintos pa\u00edses para promover el intercambio cient\u00edfico, la colaboraci\u00f3n y la formaci\u00f3n avanzada en astrof\u00edsica y \u00e1reas afines.<\/h4><h4 style=\"text-align: left;\">El programa acad\u00e9mico incluye tres cursos especializados:<br \/>\ud83c\udf0c Astrof\u00edsica de Altas Energ\u00edas<br \/>\ud83c\udf0c Part\u00edculas C\u00f3smicas y Astrof\u00edsica Multimensajero<br \/>\ud83c\udf0c Astrof\u00edsica de Neutrinos y Supernovas<\/h4><h4 style=\"text-align: left;\">Dirigido principalmente a estudiantes de pregrado y posgrado, el evento tambi\u00e9n contar\u00e1 con charlas de investigaci\u00f3n, presentaciones cortas de estudiantes y sesiones de p\u00f3sters, ofreciendo un espacio para que j\u00f3venes investigadores compartan su trabajo con la comunidad internacional.<\/h4><h4 style=\"text-align: left;\">Adem\u00e1s, se realizar\u00e1 una actividad p\u00fablica de divulgaci\u00f3n cient\u00edfica y cultural para acercar la ciencia a la sociedad.<\/h4><h4 style=\"text-align: left;\">\u2728 Acomp\u00e1\u00f1anos a fortalecer la comunidad de astrof\u00edsica en Centroam\u00e9rica y el Caribe, impulsar la colaboraci\u00f3n internacional e inspirar a nuevas generaciones de cient\u00edficos.<\/h4><h4 style=\"text-align: left;\">\ud83d\udcf2 Reg\u00edstrate escaneando el c\u00f3digo QR del afiche.<\/h4><p>\u00a0<\/p><h4>P\u00e1gina web del evento: <a href=\"https:\/\/sites.google.com\/view\/congresoalpha-cen2025\">https:\/\/sites.google.com\/view\/congresoalpha-cen2025<\/a><\/h4><h4 style=\"text-align: left;\">#SALSA2026 #AlphaCen #Astrof\u00edsica #Neutrinos #Multimensajero #ElSalvador<\/h4>\t\t\t\t\t\t<\/div>\n\t\t\t\t<\/div>\n\t\t\t\t\t<\/div>\n\t\t<\/div>\n\t\t\t\t\t\t\t<\/div>\n\t\t<\/section>\n\t\t\t\t<section class=\"elementor-section elementor-top-section elementor-element elementor-element-2d3e058 elementor-section-boxed elementor-section-height-default elementor-section-height-default\" data-id=\"2d3e058\" data-element_type=\"section\">\n\t\t\t\t\t\t<div class=\"elementor-container elementor-column-gap-default\">\n\t\t\t\t\t<div class=\"elementor-column elementor-col-100 elementor-top-column elementor-element elementor-element-8d237de\" data-id=\"8d237de\" data-element_type=\"column\">\n\t\t\t<div class=\"elementor-widget-wrap elementor-element-populated\">\n\t\t\t\t\t\t\t\t<div class=\"elementor-element elementor-element-d9237b3 elementor-widget elementor-widget-image\" data-id=\"d9237b3\" data-element_type=\"widget\" data-widget_type=\"image.default\">\n\t\t\t\t<div class=\"elementor-widget-container\">\n\t\t\t\t\t\t\t\t\t\t\t\t\t\t\t<img width=\"1024\" height=\"648\" src=\"https:\/\/astro.alphacen.org\/wp-content\/uploads\/2026\/03\/WhatsApp-Image-2026-03-09-at-4.42.50-PM-1024x648.jpeg\" class=\"attachment-large size-large\" alt=\"\" loading=\"lazy\" srcset=\"https:\/\/astro.alphacen.org\/wp-content\/uploads\/2026\/03\/WhatsApp-Image-2026-03-09-at-4.42.50-PM-1024x648.jpeg 1024w, https:\/\/astro.alphacen.org\/wp-content\/uploads\/2026\/03\/WhatsApp-Image-2026-03-09-at-4.42.50-PM-300x190.jpeg 300w, https:\/\/astro.alphacen.org\/wp-content\/uploads\/2026\/03\/WhatsApp-Image-2026-03-09-at-4.42.50-PM-768x486.jpeg 768w, https:\/\/astro.alphacen.org\/wp-content\/uploads\/2026\/03\/WhatsApp-Image-2026-03-09-at-4.42.50-PM-1536x972.jpeg 1536w, https:\/\/astro.alphacen.org\/wp-content\/uploads\/2026\/03\/WhatsApp-Image-2026-03-09-at-4.42.50-PM-16x10.jpeg 16w, https:\/\/astro.alphacen.org\/wp-content\/uploads\/2026\/03\/WhatsApp-Image-2026-03-09-at-4.42.50-PM.jpeg 1600w\" sizes=\"(max-width: 1024px) 100vw, 1024px\" \/>\t\t\t\t\t\t\t\t\t\t\t\t\t\t\t<\/div>\n\t\t\t\t<\/div>\n\t\t\t\t\t<\/div>\n\t\t<\/div>\n\t\t\t\t\t\t\t<\/div>\n\t\t<\/section>\n\t\t\t\t\t\t<\/div>\n\t\t\t\t\t<\/div>","protected":false},"excerpt":{"rendered":"<p>\ud83d\ude80 Alpha-Cen Meeting y Escuela Salvadore\u00f1a de Astrof\u00edsica 2026 (a-Cen \/ SALSA 2026) Del 6 al 10 de julio de 2026, San Salvador ser\u00e1 sede de un evento cient\u00edfico internacional que reunir\u00e1 a investigadores, docentes y estudiantes de distintos pa\u00edses para promover el intercambio cient\u00edfico, la colaboraci\u00f3n y la formaci\u00f3n avanzada en astrof\u00edsica y \u00e1reas &hellip;<\/p>\n<p class=\"read-more\"> <a class=\"\" href=\"https:\/\/astro.alphacen.org\/en\/conferencia\/\"> <span class=\"screen-reader-text\">Conferencia<\/span> Read More &raquo;<\/a><\/p>","protected":false},"author":3,"featured_media":0,"parent":0,"menu_order":0,"comment_status":"closed","ping_status":"closed","template":"","meta":{"om_disable_all_campaigns":false,"_monsterinsights_skip_tracking":false,"_monsterinsights_sitenote_active":false,"_monsterinsights_sitenote_note":"","_monsterinsights_sitenote_category":0},"_links":{"self":[{"href":"https:\/\/astro.alphacen.org\/en\/wp-json\/wp\/v2\/pages\/732"}],"collection":[{"href":"https:\/\/astro.alphacen.org\/en\/wp-json\/wp\/v2\/pages"}],"about":[{"href":"https:\/\/astro.alphacen.org\/en\/wp-json\/wp\/v2\/types\/page"}],"author":[{"embeddable":true,"href":"https:\/\/astro.alphacen.org\/en\/wp-json\/wp\/v2\/users\/3"}],"replies":[{"embeddable":true,"href":"https:\/\/astro.alphacen.org\/en\/wp-json\/wp\/v2\/comments?post=732"}],"version-history":[{"count":75,"href":"https:\/\/astro.alphacen.org\/en\/wp-json\/wp\/v2\/pages\/732\/revisions"}],"predecessor-version":[{"id":1020,"href":"https:\/\/astro.alphacen.org\/en\/wp-json\/wp\/v2\/pages\/732\/revisions\/1020"}],"wp:attachment":[{"href":"https:\/\/astro.alphacen.org\/en\/wp-json\/wp\/v2\/media?parent=732"}],"curies":[{"name":"wp","href":"https:\/\/api.w.org\/{rel}","templated":true}]}}